{"id":2999,"date":"2024-07-12T12:40:46","date_gmt":"2024-07-12T10:40:46","guid":{"rendered":"https:\/\/www.maison-mesange.fr\/rechtliche-hinweise\/"},"modified":"2025-10-24T09:08:18","modified_gmt":"2025-10-24T07:08:18","slug":"rechtliche-hinweise","status":"publish","type":"page","link":"https:\/\/www.maison-mesange.fr\/de\/rechtliche-hinweise\/","title":{"rendered":"Rechtliche Hinweise"},"content":{"rendered":"<p>[et_pb_section fb_built=&#8220;1&#8243; _builder_version=&#8220;4.26.0&#8243; _module_preset=&#8220;default&#8220; custom_padding=&#8220;0px||0px||true|false&#8220; global_colors_info=&#8220;{}&#8220;][et_pb_row _builder_version=&#8220;4.26.0&#8243; _module_preset=&#8220;default&#8220; global_colors_info=&#8220;{}&#8220;][et_pb_column type=&#8220;4_4&#8243; _builder_version=&#8220;4.26.0&#8243; _module_preset=&#8220;default&#8220; global_colors_info=&#8220;{}&#8220;][et_pb_text _builder_version=&#8220;4.26.0&#8243; _module_preset=&#8220;default&#8220; text_font=&#8220;Times New Roman||||||||&#8220; text_font_size=&#8220;18px&#8220; header_font=&#8220;-et_global_body_font||||||||&#8220; header_font_size=&#8220;4em&#8220; header_2_font=&#8220;Times New Roman|600|||||||&#8220; header_2_text_color=&#8220;#232770&#8243; header_2_font_size=&#8220;25px&#8220; header_font_size_tablet=&#8220;3em&#8220; header_font_size_phone=&#8220;2em&#8220; header_font_size_last_edited=&#8220;on|tablet&#8220; header_2_font_size_tablet=&#8220;25px&#8220; header_2_font_size_phone=&#8220;20px&#8220; header_2_font_size_last_edited=&#8220;on|phone&#8220; global_colors_info=&#8220;{}&#8220;]<\/p>\n<h1>Rechtliche Hinweise<\/h1>\n<p>&nbsp;<\/p>\n<h2>EDITOR<\/h2>\n<p>Die Website maison-mesange.fr wird von der Firma <b>SALPA RESTAURATION<\/b> mit einem Stammkapital von 4.850.000 \u20ac und Sitz in der rue du pont du p\u00e9age - 67118 - GEISPOLSHEIM herausgegeben.<br \/>SIREN-Nummer: 811 043 330 R.C.S Strasbourg<br \/>Innergemeinschaftliche Mehrwertsteuer: FR44811043330<br \/>E-Mail-Adresse: marketing@salpa.fr<br \/>Telefon: +33 (0)3 88 55 71 92<\/p>\n<h2>DIREKTOR DER VER\u00d6FFENTLICHUNG<\/h2>\n<p>Der Leiter der Ver\u00f6ffentlichung der Website maison-mesange.fr ist Herr C\u00e9dric Klein<!-- notionvc: f3faf02e-073e-43f8-b8a2-718f27a2cba4 -->, Pr\u00e4sident.<\/p>\n<h2>HEBERGEUR<\/h2>\n<p>Der Host der Website ist OCI - 2 rue Amp\u00e8re - 67450 Mundolsheim - Frankreich.<br \/>F\u00fcr weitere Informationen k\u00f6nnen Sie sich an den OCI-Service unter 09 69 39 40 60 wenden.<\/p>\n<h2>GEISTIGES EIGENTUM<\/h2>\n<p>Die allgemeine Struktur der Website maison-mesange.fr sowie die Texte, Grafiken, Bilder, T\u00f6ne und Videos, aus denen sie besteht, sind Eigentum der Firma <b>SALPA RESTAURATION<\/b> oder ihrer Partner. Jede teilweise oder vollst\u00e4ndige Darstellung und\/oder Vervielf\u00e4ltigung und\/oder Nutzung dieser Website, egal mit welchem Verfahren, ohne vorherige schriftliche Genehmigung der Firma <b>SALPA RESTAURATION<\/b> oder ihrer Partner ist strengstens untersagt und kann eine F\u00e4lschung im Sinne der Artikel L 335-2 ff. des Gesetzes \u00fcber geistiges Eigentum (Code de la propri\u00e9t\u00e9 intellectuelle) darstellen.<\/p>\n<h2>DATENSCHUTZGESETZ<\/h2>\n<p>Ihre E-Mail-Adresse kann von <b>SALPA RESTAURATION<\/b> f\u00fcr den alleinigen Zweck gespeichert werden, Sie zu informieren oder auf Ihre Nachrichten zu antworten. Sie k\u00f6nnen sich jederzeit abmelden. Es werden keine pers\u00f6nlichen Informationen ohne Ihr Wissen gesammelt. Es werden keine pers\u00f6nlichen Informationen an Dritte weitergegeben. Wir erinnern Sie daran, dass Sie ein Recht auf Zugang, \u00c4nderung, Berichtigung und L\u00f6schung der Sie betreffenden Daten haben (Gesetz Nr. 78-17 vom 6. Januar 1978, ge\u00e4ndert durch das Gesetz Nr. 2004-575 vom 21. Juni 2004).<br \/>Die oben genannten Rechte jedes Nutzers k\u00f6nnen ausge\u00fcbt werden, indem Sie <b>SALPA RESTAURATION<\/b>, rue du pont du p\u00e9age - 67118 - GEISPOLSHEIM schreiben oder eine Nachricht \u00fcber die auf dieser Website angegebene E-Mail-Adresse senden.<\/p>\n<h2>VERANTWORTLICHKEITEN<\/h2>\n<p>Diese Website bem\u00fcht sich, zuverl\u00e4ssige und aktuelle Informationen bereitzustellen. Trotz unserer Wachsamkeit k\u00f6nnen sich Fehler eingeschlichen haben. Bitte entschuldigen Sie, dass wir f\u00fcr die Verwendung dieser Informationen und jeglichen direkten oder indirekten Schaden, der daraus entstehen k\u00f6nnte, nicht haftbar gemacht werden k\u00f6nnen.<\/p>\n<p>Die Fotos und alle visuellen Quellen auf dieser Website sind unverbindlich, ebenso wie die Preise und Angebote, die eventuell erw\u00e4hnt werden. Die Verf\u00fcgbarkeit der angebotenen Dienstleistungen und Angebote kann nicht allein durch deren Pr\u00e4senz auf der Website garantiert werden.<\/p>\n<p>Alle Hypertext-Links, die zu anderen Websites oder anderen Internetquellen f\u00fchren k\u00f6nnen, bed\u00fcrfen der schriftlichen Genehmigung von <b>SALPA RESTAURATION<\/b> und werden ausschlie\u00dflich von diesem Unternehmen \u00fcberpr\u00fcft.<br \/><b>SALPA RESTAURATION<\/b> ist nicht verantwortlich f\u00fcr die Bereitstellung von internen und externen Ressourcen und \u00fcbernimmt keine Verantwortung f\u00fcr Inhalte, Werbung, Produkte, Dienstleistungen oder andere Materialien, die auf oder von diesen Websites oder internen und externen Quellen verf\u00fcgbar sind.<br \/>Ebenso und im gesetzlich zul\u00e4ssigen Umfang ist <b>SALPA RESTAURATION<\/b> nicht haftbar in Bezug auf<\/p>\n<p>[\/et_pb_text][\/et_pb_column][\/et_pb_row][\/et_pb_section]<\/p>\n","protected":false},"excerpt":{"rendered":"<p>Rechtliche Hinweise &nbsp; EDITOR Die Website maison-mesange.fr wird von der Firma SALPA RESTAURATION mit einem Stammkapital von 4.850.000 \u20ac und Sitz in der rue du pont du p\u00e9age - 67118 - GEISPOLSHEIM herausgegeben.SIREN-Nummer: 811 043 330 R.C.S StrasbourgInnergemeinschaftliche Mehrwertsteuer: FR44811043330E-Mail-Adresse: marketing@salpa.frTelefon: +33 (0)3 88 55 71 92 DIREKTOR DER VER\u00d6FFENTLICHUNG Der Leiter der Ver\u00f6ffentlichung der Website maison-mesange.fr ist Herr C\u00e9dric Klein, Pr\u00e4sident. HEBERGEUR Der Host der Website ist OCI - 2 rue Amp\u00e8re - 67450 Mundolsheim - Frankreich.F\u00fcr weitere Informationen k\u00f6nnen Sie sich an den OCI-Service unter 09 69 39 40 60 wenden. GEISTIGES EIGENTUM Die allgemeine Struktur der Website maison-mesange.fr sowie die Texte, Grafiken, Bilder, T\u00f6ne und Videos, aus denen sie besteht, sind Eigentum der Firma SALPA RESTAURATION oder ihrer Partner. Jede teilweise oder vollst\u00e4ndige Darstellung und\/oder Vervielf\u00e4ltigung und\/oder Nutzung dieser Website, egal mit welchem Verfahren, ohne vorherige schriftliche Genehmigung der Firma SALPA RESTAURATION oder ihrer Partner ist strengstens untersagt und kann eine F\u00e4lschung im Sinne der Artikel L 335-2 ff. des Gesetzes \u00fcber geistiges Eigentum (Code de la propri\u00e9t\u00e9 intellectuelle) darstellen. DATENSCHUTZGESETZ Ihre E-Mail-Adresse kann von SALPA RESTAURATION f\u00fcr den alleinigen Zweck gespeichert werden, Sie zu informieren oder auf Ihre Nachrichten zu antworten. Sie k\u00f6nnen sich jederzeit abmelden. [&hellip;]<\/p>\n","protected":false},"author":13,"featured_media":0,"parent":0,"menu_order":0,"comment_status":"closed","ping_status":"closed","template":"","meta":{"_seopress_robots_primary_cat":"","_seopress_titles_title":"","_seopress_titles_desc":"","_seopress_robots_index":"yes","_et_pb_use_builder":"on","_et_pb_old_content":"","_et_gb_content_width":"","footnotes":""},"class_list":["post-2999","page","type-page","status-publish","hentry"],"_links":{"self":[{"href":"https:\/\/www.maison-mesange.fr\/de\/wp-json\/wp\/v2\/pages\/2999","targetHints":{"allow":["GET"]}}],"collection":[{"href":"https:\/\/www.maison-mesange.fr\/de\/wp-json\/wp\/v2\/pages"}],"about":[{"href":"https:\/\/www.maison-mesange.fr\/de\/wp-json\/wp\/v2\/types\/page"}],"author":[{"embeddable":true,"href":"https:\/\/www.maison-mesange.fr\/de\/wp-json\/wp\/v2\/users\/13"}],"replies":[{"embeddable":true,"href":"https:\/\/www.maison-mesange.fr\/de\/wp-json\/wp\/v2\/comments?post=2999"}],"version-history":[{"count":10,"href":"https:\/\/www.maison-mesange.fr\/de\/wp-json\/wp\/v2\/pages\/2999\/revisions"}],"predecessor-version":[{"id":3168,"href":"https:\/\/www.maison-mesange.fr\/de\/wp-json\/wp\/v2\/pages\/2999\/revisions\/3168"}],"wp:attachment":[{"href":"https:\/\/www.maison-mesange.fr\/de\/wp-json\/wp\/v2\/media?parent=2999"}],"curies":[{"name":"wp","href":"https:\/\/api.w.org\/{rel}","templated":true}]}}